{"id":519,"date":"2025-12-12T16:23:49","date_gmt":"2025-12-12T15:23:49","guid":{"rendered":"https:\/\/ecociateurs.fr\/?page_id=519"},"modified":"2025-12-12T16:23:49","modified_gmt":"2025-12-12T15:23:49","slug":"formation-des-mediateurs-a-lecomediation","status":"publish","type":"page","link":"https:\/\/ecociateurs.fr\/index.php\/formation-des-mediateurs-a-lecomediation\/","title":{"rendered":"Formation des m\u00e9diateurs \u00e0 l&#8217;\u00e9com\u00e9diation"},"content":{"rendered":"\n<figure class=\"wp-block-image aligncenter is-resized\"><a href=\"https:\/\/www.anm-mediation.com\/zm-page-produits.php?typeproduit=formation\"><img loading=\"lazy\" decoding=\"async\" width=\"330\" height=\"145\" src=\"https:\/\/ecociateurs.fr\/wp-content\/uploads\/2025\/12\/Capture-decran-608-2.png\" alt=\"\" class=\"wp-image-517\" style=\"aspect-ratio:2.2757110584256894;width:328px;height:auto\" srcset=\"https:\/\/ecociateurs.fr\/wp-content\/uploads\/2025\/12\/Capture-decran-608-2.png 330w, https:\/\/ecociateurs.fr\/wp-content\/uploads\/2025\/12\/Capture-decran-608-2-300x132.png 300w\" sizes=\"auto, (max-width: 330px) 100vw, 330px\" \/><\/a><\/figure>\n\n\n\n<figure class=\"wp-block-image\"><img loading=\"lazy\" decoding=\"async\" width=\"823\" height=\"498\" src=\"https:\/\/ecociateurs.fr\/wp-content\/uploads\/2025\/12\/Capture-decran-615.png\" alt=\"\" class=\"wp-image-516\" srcset=\"https:\/\/ecociateurs.fr\/wp-content\/uploads\/2025\/12\/Capture-decran-615.png 823w, https:\/\/ecociateurs.fr\/wp-content\/uploads\/2025\/12\/Capture-decran-615-300x182.png 300w, https:\/\/ecociateurs.fr\/wp-content\/uploads\/2025\/12\/Capture-decran-615-768x465.png 768w\" sizes=\"auto, (max-width: 823px) 100vw, 823px\" \/><\/figure>\n\n\n\n<p class=\"has-text-align-center has-primary-color has-pale-ocean-gradient-background has-text-color has-background has-link-color wp-elements-3c11497d5f06e18e1ac34b017c029c2e\"><a href=\"https:\/\/www.anm-mediation.com\/zm-page-produits.php?typeproduit=formation\">>> Cliquez ici pour vous inscrire &lt;&lt;<\/a><\/p>\n\n\n\n<p><\/p>\n","protected":false},"excerpt":{"rendered":"<p>>> Cliquez ici pour vous inscrire &lt;&lt;<\/p>\n","protected":false},"author":2,"featured_media":0,"parent":0,"menu_order":0,"comment_status":"closed","ping_status":"closed","template":"","meta":{"footnotes":""},"class_list":["post-519","page","type-page","status-publish","hentry"],"_links":{"self":[{"href":"https:\/\/ecociateurs.fr\/index.php\/wp-json\/wp\/v2\/pages\/519","targetHints":{"allow":["GET"]}}],"collection":[{"href":"https:\/\/ecociateurs.fr\/index.php\/wp-json\/wp\/v2\/pages"}],"about":[{"href":"https:\/\/ecociateurs.fr\/index.php\/wp-json\/wp\/v2\/types\/page"}],"author":[{"embeddable":true,"href":"https:\/\/ecociateurs.fr\/index.php\/wp-json\/wp\/v2\/users\/2"}],"replies":[{"embeddable":true,"href":"https:\/\/ecociateurs.fr\/index.php\/wp-json\/wp\/v2\/comments?post=519"}],"version-history":[{"count":1,"href":"https:\/\/ecociateurs.fr\/index.php\/wp-json\/wp\/v2\/pages\/519\/revisions"}],"predecessor-version":[{"id":520,"href":"https:\/\/ecociateurs.fr\/index.php\/wp-json\/wp\/v2\/pages\/519\/revisions\/520"}],"wp:attachment":[{"href":"https:\/\/ecociateurs.fr\/index.php\/wp-json\/wp\/v2\/media?parent=519"}],"curies":[{"name":"wp","href":"https:\/\/api.w.org\/{rel}","templated":true}]}}