{"id":506,"date":"2025-12-10T17:50:19","date_gmt":"2025-12-10T16:50:19","guid":{"rendered":"https:\/\/ecociateurs.fr\/?page_id=506"},"modified":"2025-12-18T14:24:32","modified_gmt":"2025-12-18T13:24:32","slug":"conference-2022","status":"publish","type":"page","link":"https:\/\/ecociateurs.fr\/index.php\/conference-2022\/","title":{"rendered":"Conf\u00e9rence 2022"},"content":{"rendered":"\n<hr class=\"wp-block-separator has-alpha-channel-opacity\"\/>\n\n\n\n<div class=\"wp-block-group alignfull has-primary-color has-pale-ocean-gradient-background has-text-color has-background has-link-color wp-elements-c7b7e055497920ae8b23b2ac15e4d8b2 is-layout-flow wp-block-group-is-layout-flow\" style=\"padding-top:var(--wp--custom--spacing--large, 8rem);padding-bottom:var(--wp--custom--spacing--large, 8rem)\">\n<h1 class=\"wp-block-heading alignwide\" style=\"font-size:clamp(3rem, 6vw, 4.5rem)\">La m\u00e9diation : une solution \u00e0 la crise \u00e9cologique et climatique<\/h1>\n\n\n\n<div class=\"wp-block-buttons is-content-justification-center is-layout-flex wp-container-core-buttons-is-layout-a89b3969 wp-block-buttons-is-layout-flex\">\n<div class=\"wp-block-button is-style-outline is-style-outline--1\"><a class=\"wp-block-button__link has-foreground-color has-vertical-secondary-to-tertiary-gradient-background has-text-color has-background wp-element-button\" href=\"http:\/\/ecociateurs.fr\/index.php\/les-mesures-proposees-au-president-de-la-republique\/\" style=\"border-radius:75px\">En savoir plus sur les mesures propos\u00e9es au Pr\u00e9sident de la R\u00e9publique&#8230;<\/a><\/div>\n<\/div>\n\n\n\n<div style=\"height:32px\" aria-hidden=\"true\" class=\"wp-block-spacer\"><\/div>\n\n\n\n<figure class=\"wp-block-image size-full is-resized\" id=\"vid\u00e9o-m\u00e9diation\"><a href=\"https:\/\/www.youtube.com\/watch?v=eSvWDSgkf6M\"><img loading=\"lazy\" decoding=\"async\" width=\"720\" height=\"372\" src=\"http:\/\/ecociateurs.fr\/wp-content\/uploads\/2022\/11\/Capture-decran-2022-11-02-a-20.44.27.png\" alt=\"\" class=\"wp-image-64\" style=\"width:1295px;height:669px\" srcset=\"https:\/\/ecociateurs.fr\/wp-content\/uploads\/2022\/11\/Capture-decran-2022-11-02-a-20.44.27.png 720w, https:\/\/ecociateurs.fr\/wp-content\/uploads\/2022\/11\/Capture-decran-2022-11-02-a-20.44.27-300x155.png 300w\" sizes=\"auto, (max-width: 720px) 100vw, 720px\" \/><\/a><figcaption class=\"wp-element-caption\">2\u00e8me Congr\u00e8s International de toutes les m\u00e9diations @Angers 2022<\/figcaption><\/figure>\n\n\n\n<div style=\"height:32px\" aria-hidden=\"true\" class=\"wp-block-spacer\"><\/div>\n\n\n\n<div class=\"wp-block-columns alignwide is-layout-flex wp-container-core-columns-is-layout-28f84493 wp-block-columns-is-layout-flex\">\n<div class=\"wp-block-column is-layout-flow wp-block-column-is-layout-flow\" style=\"flex-basis:50%\">\n<p><strong>Panel d&#8217;ouverture<\/strong><\/p>\n<\/div>\n\n\n\n<div class=\"wp-block-column is-layout-flow wp-block-column-is-layout-flow\">\n<p><strong>Mod\u00e9rateur<\/strong><br>                         M\u00e9diateur des citoyens <br>M\u00e9diateur, g\u00e9ographe <br>M\u00e9diatrice, chercheuse en droit et \u00e9cologie           M\u00e9diateur des citoyens <\/p>\n\n\n\n<p><br><\/p>\n<\/div>\n\n\n\n<div class=\"wp-block-column is-layout-flow wp-block-column-is-layout-flow\">\n<p><strong>Jacques Benard (Sherbrook, Canada)<\/strong><br>Isma\u00ebl Ris (Argentine)<br>Nicolas Le M\u00e9haut\u00e9 (Fr)<br>S\u00e9verine Carrez (Fr)<br>                               Atman Aoui (Maroc)<\/p>\n<\/div>\n<\/div>\n<\/div>\n","protected":false},"excerpt":{"rendered":"<p>La m\u00e9diation : une solution \u00e0 la crise \u00e9cologique et climatique Panel d&#8217;ouverture Mod\u00e9rateur M\u00e9diateur des citoyens M\u00e9diateur, g\u00e9ographe M\u00e9diatrice, chercheuse en droit et \u00e9cologie M\u00e9diateur des citoyens Jacques Benard (Sherbrook, Canada)Isma\u00ebl Ris (Argentine)Nicolas Le M\u00e9haut\u00e9 (Fr)S\u00e9verine Carrez (Fr) Atman Aoui (Maroc)<\/p>\n","protected":false},"author":2,"featured_media":0,"parent":0,"menu_order":0,"comment_status":"closed","ping_status":"closed","template":"","meta":{"footnotes":""},"class_list":["post-506","page","type-page","status-publish","hentry"],"_links":{"self":[{"href":"https:\/\/ecociateurs.fr\/index.php\/wp-json\/wp\/v2\/pages\/506","targetHints":{"allow":["GET"]}}],"collection":[{"href":"https:\/\/ecociateurs.fr\/index.php\/wp-json\/wp\/v2\/pages"}],"about":[{"href":"https:\/\/ecociateurs.fr\/index.php\/wp-json\/wp\/v2\/types\/page"}],"author":[{"embeddable":true,"href":"https:\/\/ecociateurs.fr\/index.php\/wp-json\/wp\/v2\/users\/2"}],"replies":[{"embeddable":true,"href":"https:\/\/ecociateurs.fr\/index.php\/wp-json\/wp\/v2\/comments?post=506"}],"version-history":[{"count":3,"href":"https:\/\/ecociateurs.fr\/index.php\/wp-json\/wp\/v2\/pages\/506\/revisions"}],"predecessor-version":[{"id":544,"href":"https:\/\/ecociateurs.fr\/index.php\/wp-json\/wp\/v2\/pages\/506\/revisions\/544"}],"wp:attachment":[{"href":"https:\/\/ecociateurs.fr\/index.php\/wp-json\/wp\/v2\/media?parent=506"}],"curies":[{"name":"wp","href":"https:\/\/api.w.org\/{rel}","templated":true}]}}