{"id":499,"date":"2025-12-10T17:40:18","date_gmt":"2025-12-10T16:40:18","guid":{"rendered":"https:\/\/ecociateurs.fr\/?page_id=499"},"modified":"2025-12-10T17:40:18","modified_gmt":"2025-12-10T16:40:18","slug":"partage-dexperiences","status":"publish","type":"page","link":"https:\/\/ecociateurs.fr\/index.php\/partage-dexperiences\/","title":{"rendered":"Partage d&#8217;exp\u00e9riences"},"content":{"rendered":"\n<p class=\"has-text-align-center\" id=\"partage-exp\u00e9rience\"><\/p>\n\n\n\n<figure class=\"wp-block-image size-full\"><img loading=\"lazy\" decoding=\"async\" width=\"898\" height=\"476\" src=\"http:\/\/ecociateurs.fr\/wp-content\/uploads\/2022\/11\/Capture-decran-2022-11-02-a-16.43.07.png\" alt=\"\" class=\"wp-image-58\" srcset=\"https:\/\/ecociateurs.fr\/wp-content\/uploads\/2022\/11\/Capture-decran-2022-11-02-a-16.43.07.png 898w, https:\/\/ecociateurs.fr\/wp-content\/uploads\/2022\/11\/Capture-decran-2022-11-02-a-16.43.07-300x159.png 300w, https:\/\/ecociateurs.fr\/wp-content\/uploads\/2022\/11\/Capture-decran-2022-11-02-a-16.43.07-768x407.png 768w\" sizes=\"auto, (max-width: 898px) 100vw, 898px\" \/><figcaption class=\"wp-element-caption\">Trente personnes collaborent en groupe de 4-5 personnes : comment mettre la nature \u00e0 la table des n\u00e9gociations ? <br>#intelligencecollective #seriousgame #iucn2021<\/figcaption><\/figure>\n\n\n\n<div class=\"wp-block-group alignfull has-background is-layout-flow wp-block-group-is-layout-flow\" style=\"background:linear-gradient(90deg,rgb(255,245,203) 0%,rgb(182,227,212) 50%,rgb(51,167,181) 100%)\">\n<div class=\"wp-block-columns alignwide is-layout-flex wp-container-core-columns-is-layout-28f84493 wp-block-columns-is-layout-flex\">\n<div class=\"wp-block-column is-layout-flow wp-block-column-is-layout-flow\">\n<div style=\"height:100px\" aria-hidden=\"true\" class=\"wp-block-spacer\"><\/div>\n\n\n\n<h6 class=\"wp-block-heading has-text-color\" id=\"ecosystem\" style=\"color:#000000\">\u00c9cociateurs.trices<\/h6>\n\n\n\n<p class=\"has-text-color\" style=\"color:#000000;font-size:5vw;line-height:1.1\"><strong>Initiations \u00e0 la vision \u00e9co-centr\u00e9e<\/strong><\/p>\n\n\n\n<div style=\"height:5px\" aria-hidden=\"true\" class=\"wp-block-spacer\"><\/div>\n<\/div>\n<\/div>\n\n\n\n<div class=\"wp-block-columns alignwide is-layout-flex wp-container-core-columns-is-layout-28f84493 wp-block-columns-is-layout-flex\">\n<div class=\"wp-block-column is-layout-flow wp-block-column-is-layout-flow\" style=\"flex-basis:33.38%\">\n<p class=\"has-text-color has-extra-small-font-size\" style=\"color:#000000\">Nous vivons dans un monde qui va vite, et qui en oublie ses rythmes naturels&#8230; le travail nous emp\u00eache de ressentir la chaleur du soleil sur notre peau, nos \u00e9crans nous \u00e9blouissent tant&#8230;<\/p>\n\n\n\n<p>Travailler sur nos perceptions.. le vent qui nous caresse, le soleil qui nous \u00e9claire et nous r\u00e9chauffe, la mer qui nous r\u00e9g\u00e9n\u00e8re, la terre qui nous rappelle nos souvenirs, la for\u00eat qui nous nourrit, la montagne qui nous revigore&#8230; Entrer plus en profondeur en nous, pour ressentir notre lien au vivant, \u00e9couter ce qu&#8217;il a \u00e0 nous dire, et prendre nos d\u00e9cisions personnelles et collectives en conscience&#8230;<\/p>\n\n\n\n<p>\u00catre cr\u00e9atif, ouvert \u00e0 l&#8217;inconnu.. \u00e0 ses inconnus et aux inconnus des autres&#8230; l&#8217;\u00c9cociateur met en dialogue ce que nous savons, nous connaissons, puis ouvre la porte \u00e0 tout le reste, au champ des possibles pour que nos d\u00e9cisions, uniques, adapt\u00e9es, r\u00e9pondent \u00e0 l&#8217;appel du territoire, de ses habitants visibles, invisibles et silencieux&#8230;. <\/p>\n\n\n\n<blockquote class=\"wp-block-quote is-layout-flow wp-block-quote-is-layout-flow\">\n<p>Mettre en dialogue la science et le monde sensible : un enjeu du XXI\u00e8me si\u00e8cle<\/p>\n<\/blockquote>\n<\/div>\n\n\n\n<div class=\"wp-block-column is-layout-flow wp-block-column-is-layout-flow\" style=\"flex-basis:33%\">\n<div style=\"height:100px\" aria-hidden=\"true\" class=\"wp-block-spacer\"><\/div>\n\n\n\n<figure class=\"wp-block-image size-full\"><img loading=\"lazy\" decoding=\"async\" width=\"898\" height=\"476\" src=\"http:\/\/ecociateurs.fr\/wp-content\/uploads\/2022\/11\/Capture-decran-2022-11-02-a-16.42.55.png\" alt=\"\" class=\"wp-image-68\" srcset=\"https:\/\/ecociateurs.fr\/wp-content\/uploads\/2022\/11\/Capture-decran-2022-11-02-a-16.42.55.png 898w, https:\/\/ecociateurs.fr\/wp-content\/uploads\/2022\/11\/Capture-decran-2022-11-02-a-16.42.55-300x159.png 300w, https:\/\/ecociateurs.fr\/wp-content\/uploads\/2022\/11\/Capture-decran-2022-11-02-a-16.42.55-768x407.png 768w\" sizes=\"auto, (max-width: 898px) 100vw, 898px\" \/><\/figure>\n\n\n\n<div class=\"wp-block-group is-layout-constrained wp-block-group-is-layout-constrained\">\n<figure class=\"wp-block-gallery has-nested-images columns-default is-cropped wp-block-gallery-1 is-layout-flex wp-block-gallery-is-layout-flex\">\n<figure class=\"wp-block-image size-large\"><img loading=\"lazy\" decoding=\"async\" width=\"834\" height=\"528\" data-id=\"76\" src=\"http:\/\/ecociateurs.fr\/wp-content\/uploads\/2022\/11\/Capture-decran-2022-11-02-a-16.41.00.png\" alt=\"\" class=\"wp-image-76\" srcset=\"https:\/\/ecociateurs.fr\/wp-content\/uploads\/2022\/11\/Capture-decran-2022-11-02-a-16.41.00.png 834w, https:\/\/ecociateurs.fr\/wp-content\/uploads\/2022\/11\/Capture-decran-2022-11-02-a-16.41.00-300x190.png 300w, https:\/\/ecociateurs.fr\/wp-content\/uploads\/2022\/11\/Capture-decran-2022-11-02-a-16.41.00-768x486.png 768w\" sizes=\"auto, (max-width: 834px) 100vw, 834px\" \/><\/figure>\n\n\n\n<figure class=\"wp-block-image size-large\"><img loading=\"lazy\" decoding=\"async\" width=\"933\" height=\"664\" data-id=\"75\" src=\"http:\/\/ecociateurs.fr\/wp-content\/uploads\/2022\/11\/Capture-decran-2022-11-02-a-16.41.17.png\" alt=\"\" class=\"wp-image-75\" srcset=\"https:\/\/ecociateurs.fr\/wp-content\/uploads\/2022\/11\/Capture-decran-2022-11-02-a-16.41.17.png 933w, https:\/\/ecociateurs.fr\/wp-content\/uploads\/2022\/11\/Capture-decran-2022-11-02-a-16.41.17-300x214.png 300w, https:\/\/ecociateurs.fr\/wp-content\/uploads\/2022\/11\/Capture-decran-2022-11-02-a-16.41.17-768x547.png 768w\" sizes=\"auto, (max-width: 933px) 100vw, 933px\" \/><\/figure>\n\n\n\n<figure class=\"wp-block-image size-large\"><img loading=\"lazy\" decoding=\"async\" width=\"898\" height=\"476\" data-id=\"77\" src=\"http:\/\/ecociateurs.fr\/wp-content\/uploads\/2022\/11\/Capture-decran-2022-11-02-a-16.43.02.png\" alt=\"\" class=\"wp-image-77\" srcset=\"https:\/\/ecociateurs.fr\/wp-content\/uploads\/2022\/11\/Capture-decran-2022-11-02-a-16.43.02.png 898w, https:\/\/ecociateurs.fr\/wp-content\/uploads\/2022\/11\/Capture-decran-2022-11-02-a-16.43.02-300x159.png 300w, https:\/\/ecociateurs.fr\/wp-content\/uploads\/2022\/11\/Capture-decran-2022-11-02-a-16.43.02-768x407.png 768w\" sizes=\"auto, (max-width: 898px) 100vw, 898px\" \/><\/figure>\n\n\n\n<figure class=\"wp-block-image size-large\"><img loading=\"lazy\" decoding=\"async\" width=\"916\" height=\"486\" data-id=\"69\" src=\"http:\/\/ecociateurs.fr\/wp-content\/uploads\/2022\/11\/Capture-decran-2022-11-02-a-16.40.39.png\" alt=\"\" class=\"wp-image-69\" srcset=\"https:\/\/ecociateurs.fr\/wp-content\/uploads\/2022\/11\/Capture-decran-2022-11-02-a-16.40.39.png 916w, https:\/\/ecociateurs.fr\/wp-content\/uploads\/2022\/11\/Capture-decran-2022-11-02-a-16.40.39-300x159.png 300w, https:\/\/ecociateurs.fr\/wp-content\/uploads\/2022\/11\/Capture-decran-2022-11-02-a-16.40.39-768x407.png 768w\" sizes=\"auto, (max-width: 916px) 100vw, 916px\" \/><\/figure>\n<\/figure>\n<\/div>\n\n\n\n<p class=\"has-text-align-center\">Lors du Congr\u00e8s mondial de l&#8217;IUCN en 2021, <a href=\"https:\/\/uicn.fr\/ethique-en-action\/\" target=\"_blank\" rel=\"noreferrer noopener\">le groupe \u00e9thique en action du Comit\u00e9 fran\u00e7ais<\/a> organisa un jeu s\u00e9rieux sur les valeurs du Manifeste \u00e9thique : &#8220;L&#8217;Avenir du vivant, nos valeurs pour l&#8217;action&#8221;<\/p>\n<\/div>\n\n\n\n<div class=\"wp-block-column is-layout-flow wp-block-column-is-layout-flow\" style=\"flex-basis:33.62%\">\n<figure class=\"wp-block-image size-full\"><img loading=\"lazy\" decoding=\"async\" width=\"289\" height=\"710\" src=\"http:\/\/ecociateurs.fr\/wp-content\/uploads\/2022\/11\/Capture-decran-2022-11-02-a-16.42.41.png\" alt=\"\" class=\"wp-image-73\" srcset=\"https:\/\/ecociateurs.fr\/wp-content\/uploads\/2022\/11\/Capture-decran-2022-11-02-a-16.42.41.png 289w, https:\/\/ecociateurs.fr\/wp-content\/uploads\/2022\/11\/Capture-decran-2022-11-02-a-16.42.41-122x300.png 122w\" sizes=\"auto, (max-width: 289px) 100vw, 289px\" \/><\/figure>\n<\/div>\n<\/div>\n\n\n\n<div class=\"wp-block-columns alignwide is-layout-flex wp-container-core-columns-is-layout-28f84493 wp-block-columns-is-layout-flex\">\n<div class=\"wp-block-column is-layout-flow wp-block-column-is-layout-flow\" style=\"flex-basis:67%\">\n<figure class=\"wp-block-image alignright size-full\"><img loading=\"lazy\" decoding=\"async\" width=\"951\" height=\"491\" src=\"http:\/\/ecociateurs.fr\/wp-content\/uploads\/2022\/11\/Capture-decran-2022-11-02-a-16.41.36.png\" alt=\"\" class=\"wp-image-74\" srcset=\"https:\/\/ecociateurs.fr\/wp-content\/uploads\/2022\/11\/Capture-decran-2022-11-02-a-16.41.36.png 951w, https:\/\/ecociateurs.fr\/wp-content\/uploads\/2022\/11\/Capture-decran-2022-11-02-a-16.41.36-300x155.png 300w, https:\/\/ecociateurs.fr\/wp-content\/uploads\/2022\/11\/Capture-decran-2022-11-02-a-16.41.36-768x397.png 768w\" sizes=\"auto, (max-width: 951px) 100vw, 951px\" \/><\/figure>\n<\/div>\n\n\n\n<div class=\"wp-block-column is-vertically-aligned-center is-layout-flow wp-block-column-is-layout-flow\" style=\"flex-basis:33%\">\n<p class=\"has-text-color has-extra-small-font-size\" style=\"color:#000000\">Dans le cadre de <a href=\"https:\/\/www.appeldurhone.org\" target=\"_blank\" rel=\"noreferrer noopener\">l&#8217;Appel du Rh\u00f4ne<\/a>, plus d&#8217;une trentaine de pan\u00e9listes se d\u00e9couvrent, se rencontrent, se questionnent, s&#8217;immergent dans leur relation personnelle, interpersonnelle, intime avec le fleuve&#8230; Un cadre humain qui tente d&#8217;approcher la perspective \u00e9co-centr\u00e9e et o\u00f9, peut-\u00eatre que peu \u00e0 peu les habitants sortiront de cette exp\u00e9rience avec un autre regard sur leur relation au vivant&#8230;   <\/p>\n<\/div>\n<\/div>\n<\/div>\n\n\n\n<p class=\"has-text-align-center\"><\/p>\n","protected":false},"excerpt":{"rendered":"<p>\u00c9cociateurs.trices Initiations \u00e0 la vision \u00e9co-centr\u00e9e Nous vivons dans un monde qui va vite, et qui en oublie ses rythmes naturels&#8230; le travail nous emp\u00eache de ressentir la chaleur du soleil sur notre peau, nos \u00e9crans nous \u00e9blouissent tant&#8230; Travailler sur nos perceptions.. le vent qui nous caresse, le soleil qui nous \u00e9claire et nous [&hellip;]<\/p>\n","protected":false},"author":2,"featured_media":0,"parent":0,"menu_order":0,"comment_status":"closed","ping_status":"closed","template":"","meta":{"footnotes":""},"class_list":["post-499","page","type-page","status-publish","hentry"],"_links":{"self":[{"href":"https:\/\/ecociateurs.fr\/index.php\/wp-json\/wp\/v2\/pages\/499","targetHints":{"allow":["GET"]}}],"collection":[{"href":"https:\/\/ecociateurs.fr\/index.php\/wp-json\/wp\/v2\/pages"}],"about":[{"href":"https:\/\/ecociateurs.fr\/index.php\/wp-json\/wp\/v2\/types\/page"}],"author":[{"embeddable":true,"href":"https:\/\/ecociateurs.fr\/index.php\/wp-json\/wp\/v2\/users\/2"}],"replies":[{"embeddable":true,"href":"https:\/\/ecociateurs.fr\/index.php\/wp-json\/wp\/v2\/comments?post=499"}],"version-history":[{"count":1,"href":"https:\/\/ecociateurs.fr\/index.php\/wp-json\/wp\/v2\/pages\/499\/revisions"}],"predecessor-version":[{"id":500,"href":"https:\/\/ecociateurs.fr\/index.php\/wp-json\/wp\/v2\/pages\/499\/revisions\/500"}],"wp:attachment":[{"href":"https:\/\/ecociateurs.fr\/index.php\/wp-json\/wp\/v2\/media?parent=499"}],"curies":[{"name":"wp","href":"https:\/\/api.w.org\/{rel}","templated":true}]}}