{"id":479,"date":"2025-12-10T16:41:45","date_gmt":"2025-12-10T15:41:45","guid":{"rendered":"https:\/\/ecociateurs.fr\/?page_id=479"},"modified":"2025-12-10T17:31:08","modified_gmt":"2025-12-10T16:31:08","slug":"elections-2026","status":"publish","type":"page","link":"https:\/\/ecociateurs.fr\/index.php\/elections-2026\/","title":{"rendered":"\u00c9lections 2026"},"content":{"rendered":"\n<p>Passez du conflit \u00e0 la cod\u00e9cision : votre ville le m\u00e9rite !<\/p>\n\n\n\n<p>Vous pr\u00e9parez votre liste et souhaitez que votre programme f\u00e9d\u00e8re les habitants pour un projet commun ?<\/p>\n\n\n\n<p>Nous vous aidons \u00e0 construire un projet fond\u00e9 sur l&#8217;\u00e9coute des habitants humains et non-humains et la construction d&#8217;une identit\u00e9 partag\u00e9e du territoire&#8230;<\/p>\n\n\n\n<p class=\"has-text-align-center\">&#8220;d\u00e9finir ensemble votre trajectoire, votre avenir&#8221;<\/p>\n\n\n\n<p>Nous ne construirons pas un programme et ne formulerons pas de promesse&#8230; Mais nous travaillerons \u00e0 prendre le temps de savoir o\u00f9 on va, o\u00f9 on veut vraiment aller, avec quels moyens, et surtout, ce que l&#8217;on ne veut pas\/plus pour notre territoire. C&#8217;est la base d&#8217;un processus pour tenir une politique cod\u00e9cid\u00e9e sur le long terme.<\/p>\n\n\n\n<p>La cl\u00e9 est simple : \u00e9couter les besoins v\u00e9ritables et actuels de votre territoire et d\u00e9passer les conflits pour apprendre \u00e0 cod\u00e9cider !<\/p>\n\n\n\n<p>Le vrai programme, c&#8217;est de former vos \u00e9lus \u00e0 \u00e9couter au del\u00e0 des d\u00e9sirs et cr\u00e9er des projets qui r\u00e9pondent aux besoins. Cet enjeu vise \u00e0 faire de vos \u00e9lus de v\u00e9ritables facilitateurs d&#8217;intelligence collective et de cod\u00e9cision. Mais la cl\u00e9 du v\u00e9ritable succ\u00e8s se cache dans le monde silencieux&#8230;<\/p>\n\n\n\n<p>La seconde cl\u00e9 qui fera la diff\u00e9rence, c&#8217;est d&#8217;\u00eatre capable d&#8217;int\u00e9grer le non-humain dans ces prises de d\u00e9cisions ! Le non-humain, c&#8217;est le patrimoine, l&#8217;histoire des lieux, leur g\u00e9ographie, la nature (le min\u00e9ral, le v\u00e9g\u00e9tal, l&#8217;animal), les g\u00e9n\u00e9rations futures, les anciens etc&#8230;<\/p>\n\n\n\n<p class=\"has-text-align-center\">Tout cela, \u00e7a s&#8217;apprend, et on vous aide ! <\/p>\n\n\n\n<div class=\"wp-block-buttons alignwide is-content-justification-center is-layout-flex wp-container-core-buttons-is-layout-a89b3969 wp-block-buttons-is-layout-flex\">\n<div class=\"wp-block-button\"><a class=\"wp-block-button__link wp-element-button\" href=\"https:\/\/ecociateurs.fr\/index.php\/consultation-electorale\/\" style=\"border-style:none;border-width:0px;border-top-left-radius:60px;border-top-right-radius:60px;border-bottom-left-radius:60px;border-bottom-right-radius:60px;padding-top:var(--wp--preset--spacing--30);padding-right:var(--wp--preset--spacing--40);padding-bottom:var(--wp--preset--spacing--30);padding-left:var(--wp--preset--spacing--40)\">Prendre RDV<\/a><\/div>\n<\/div>\n\n\n\n<p><\/p>\n","protected":false},"excerpt":{"rendered":"<p>Passez du conflit \u00e0 la cod\u00e9cision : votre ville le m\u00e9rite ! Vous pr\u00e9parez votre liste et souhaitez que votre programme f\u00e9d\u00e8re les habitants pour un projet commun ? Nous vous aidons \u00e0 construire un projet fond\u00e9 sur l&#8217;\u00e9coute des habitants humains et non-humains et la construction d&#8217;une identit\u00e9 partag\u00e9e du territoire&#8230; &#8220;d\u00e9finir ensemble votre [&hellip;]<\/p>\n","protected":false},"author":2,"featured_media":0,"parent":0,"menu_order":0,"comment_status":"closed","ping_status":"closed","template":"","meta":{"footnotes":""},"class_list":["post-479","page","type-page","status-publish","hentry"],"_links":{"self":[{"href":"https:\/\/ecociateurs.fr\/index.php\/wp-json\/wp\/v2\/pages\/479","targetHints":{"allow":["GET"]}}],"collection":[{"href":"https:\/\/ecociateurs.fr\/index.php\/wp-json\/wp\/v2\/pages"}],"about":[{"href":"https:\/\/ecociateurs.fr\/index.php\/wp-json\/wp\/v2\/types\/page"}],"author":[{"embeddable":true,"href":"https:\/\/ecociateurs.fr\/index.php\/wp-json\/wp\/v2\/users\/2"}],"replies":[{"embeddable":true,"href":"https:\/\/ecociateurs.fr\/index.php\/wp-json\/wp\/v2\/comments?post=479"}],"version-history":[{"count":5,"href":"https:\/\/ecociateurs.fr\/index.php\/wp-json\/wp\/v2\/pages\/479\/revisions"}],"predecessor-version":[{"id":493,"href":"https:\/\/ecociateurs.fr\/index.php\/wp-json\/wp\/v2\/pages\/479\/revisions\/493"}],"wp:attachment":[{"href":"https:\/\/ecociateurs.fr\/index.php\/wp-json\/wp\/v2\/media?parent=479"}],"curies":[{"name":"wp","href":"https:\/\/api.w.org\/{rel}","templated":true}]}}