{"id":476,"date":"2025-12-10T16:24:58","date_gmt":"2025-12-10T15:24:58","guid":{"rendered":"https:\/\/ecociateurs.fr\/?page_id=476"},"modified":"2026-03-19T11:56:16","modified_gmt":"2026-03-19T10:56:16","slug":"aller-plus-loin","status":"publish","type":"page","link":"https:\/\/ecociateurs.fr\/index.php\/aller-plus-loin\/","title":{"rendered":"Aller plus loin&#8230;"},"content":{"rendered":"\n<p class=\"has-primary-color has-text-color has-link-color wp-elements-ca2f30b278bb7f6c089d437bb4f891ef\"><strong>Comment ouvrir un dialogue fond\u00e9 sur le vivant ?<\/strong><\/p>\n\n\n\n<p class=\"has-primary-color has-text-color has-link-color wp-elements-a023b6b0a627b3aa17ab6eb0aabcfc2c\"><strong><em>Les comp\u00e9tences n\u00e9cessaires :<\/em><\/strong><\/p>\n\n\n\n<p class=\"has-primary-color has-text-color has-link-color wp-elements-7f7805251d9a62441b04e80d9c4c0b93\">1\/ Ma\u00eetriser le processus de dialogue territorial et environnemental (acteurs, contraintes, proc\u00e9dures, projets&#8230;)<\/p>\n\n\n\n<p class=\"has-primary-color has-text-color has-link-color wp-elements-e69fcdbb8e30abb8d91511c54a18f41f\">2\/ Ma\u00eetriser la gestion de conflit et les outils d&#8217;intelligence collective<\/p>\n\n\n\n<p class=\"has-primary-color has-text-color has-link-color wp-elements-4d57803eb5e2363789c8adb5a453607b\">3\/ Savoir cr\u00e9er des espaces de dialogue in\u00e9dits : les Nouvelles Instances de Dialogue (NID) pour permettre aux acteurs d&#8217;entrer dans une relation \u00e9cocentr\u00e9e avec leur projet de territoire.<\/p>\n\n\n\n<p class=\"has-primary-color has-text-color has-link-color wp-elements-707b51b7cc38b72e2f86566376c6ac34\">4\/ \u00catre form\u00e9 au dialogue science-sensible et aux enjeux complexes et savoir travailler avec son \u00e9quipe de m\u00e9diateurs-\u00e9cociateurs&#8230;<\/p>\n\n\n\n<p class=\"has-primary-color has-text-color has-link-color wp-elements-0ac503687db8090c8294106a8f148fee\"><strong><em>Les sp\u00e9cificit\u00e9s des \u00e9cociateurs :<\/em><\/strong><\/p>\n\n\n\n<p class=\"has-primary-color has-text-color has-link-color wp-elements-8a4c38b7c088255bad49840261f2ba13\">L&#8217;ouverture \u00e0 une information autre que scientifique est essentielle pour \u00e9tablir un dialogue avec le vivant (non-humain) car elle permet de d\u00e9passer une vision anthropocentr\u00e9e et d&#8217;appr\u00e9hender la r\u00e9alit\u00e9 du vivant dans toute sa complexit\u00e9.<\/p>\n\n\n\n<p class=\"has-primary-color has-text-color has-link-color wp-elements-191cdaba27e62cb0a2b17ed5fec75ac0\">\u25cf <strong>D\u00e9passer les limites du savoir scientifique:<\/strong> Le savoir scientifique, bien que pr\u00e9cieux, ne peut \u00e0 lui seul rendre compte de la richesse et de la complexit\u00e9 du vivant. S&#8217;ouvrir \u00e0 d&#8217;autres formes d&#8217;information, comme la sensibilit\u00e9, l&#8217;intuition ou les connaissances traditionnelles, permet d&#8217;acc\u00e9der \u00e0 une compr\u00e9hension plus globale et holistique du non-humain.<\/p>\n\n\n\n<p class=\"has-primary-color has-text-color has-link-color wp-elements-3c2db1ec6b4b831c355f20eee21ac45a\">\u25cf <strong>Reconna\u00eetre la multiplicit\u00e9 des perceptions:<\/strong> Le vivant ne se limite pas \u00e0 des donn\u00e9es quantifiables et objectives. Chaque esp\u00e8ce, chaque \u00eatre vivant, poss\u00e8de sa propre perception du monde, ses propres modes de communication et d&#8217;interaction. En reconnaissant la validit\u00e9 de ces diff\u00e9rentes formes de perception, l&#8217;ouverture \u00e0 l&#8217;information non scientifique permet de cr\u00e9er un espace de dialogue plus inclusif et respectueux.<\/p>\n\n\n\n<p class=\"has-primary-color has-text-color has-link-color wp-elements-d42191410495c2e8e6343172cd4fa034\">\u25cf <strong>Favoriser l&#8217;empathie et la connexion:<\/strong> S&#8217;ouvrir \u00e0 la sensibilit\u00e9 du vivant, c&#8217;est accepter de se connecter \u00e0 lui sur un plan \u00e9motionnel et intuitif. Cette connexion sensible favorise l&#8217;empathie et permet de tisser des liens plus profonds avec le non-humain, ouvrant ainsi la voie \u00e0 une relation plus harmonieuse.<\/p>\n\n\n\n<p class=\"has-primary-color has-text-color has-link-color wp-elements-0d89dd1d504da09fcd34581ecd67b413\">\u25cf <strong>Int\u00e9grer des savoirs ancestraux:<\/strong> Les cultures traditionnelles ont d\u00e9velopp\u00e9 au fil des si\u00e8cles des savoirs et des pratiques permettant de vivre en harmonie avec la nature. Ces savoirs, souvent transmis oralement ou \u00e0 travers des rituels, constituent une source d&#8217;information pr\u00e9cieuse pour comprendre le non-humain et interagir avec lui de mani\u00e8re respectueuse.<\/p>\n\n\n\n<p class=\"has-text-align-center has-primary-color has-text-color has-link-color wp-elements-4ce6a4a57c0932f63911e5cbe797016c\">En conclusion, l&#8217;ouverture \u00e0 l&#8217;information non scientifique est indispensable pour d\u00e9passer les limites d&#8217;un dialogue anthropocentrique et \u00e9tablir une v\u00e9ritable relation avec le non-humain. En int\u00e9grant la sensibilit\u00e9, l&#8217;intuition et les savoirs traditionnels, il devient possible de percevoir la richesse et la complexit\u00e9 du vivant et d&#8217;agir en cons\u00e9quence.<\/p>\n","protected":false},"excerpt":{"rendered":"<p>Comment ouvrir un dialogue fond\u00e9 sur le vivant ? Les comp\u00e9tences n\u00e9cessaires : 1\/ Ma\u00eetriser le processus de dialogue territorial et environnemental (acteurs, contraintes, proc\u00e9dures, projets&#8230;) 2\/ Ma\u00eetriser la gestion de conflit et les outils d&#8217;intelligence collective 3\/ Savoir cr\u00e9er des espaces de dialogue in\u00e9dits : les Nouvelles Instances de Dialogue (NID) pour permettre aux [&hellip;]<\/p>\n","protected":false},"author":2,"featured_media":0,"parent":0,"menu_order":0,"comment_status":"closed","ping_status":"closed","template":"","meta":{"footnotes":""},"class_list":["post-476","page","type-page","status-publish","hentry"],"_links":{"self":[{"href":"https:\/\/ecociateurs.fr\/index.php\/wp-json\/wp\/v2\/pages\/476","targetHints":{"allow":["GET"]}}],"collection":[{"href":"https:\/\/ecociateurs.fr\/index.php\/wp-json\/wp\/v2\/pages"}],"about":[{"href":"https:\/\/ecociateurs.fr\/index.php\/wp-json\/wp\/v2\/types\/page"}],"author":[{"embeddable":true,"href":"https:\/\/ecociateurs.fr\/index.php\/wp-json\/wp\/v2\/users\/2"}],"replies":[{"embeddable":true,"href":"https:\/\/ecociateurs.fr\/index.php\/wp-json\/wp\/v2\/comments?post=476"}],"version-history":[{"count":5,"href":"https:\/\/ecociateurs.fr\/index.php\/wp-json\/wp\/v2\/pages\/476\/revisions"}],"predecessor-version":[{"id":592,"href":"https:\/\/ecociateurs.fr\/index.php\/wp-json\/wp\/v2\/pages\/476\/revisions\/592"}],"wp:attachment":[{"href":"https:\/\/ecociateurs.fr\/index.php\/wp-json\/wp\/v2\/media?parent=476"}],"curies":[{"name":"wp","href":"https:\/\/api.w.org\/{rel}","templated":true}]}}