{"id":471,"date":"2025-12-10T16:21:53","date_gmt":"2025-12-10T15:21:53","guid":{"rendered":"https:\/\/ecociateurs.fr\/?page_id=471"},"modified":"2025-12-12T14:40:06","modified_gmt":"2025-12-12T13:40:06","slug":"mieux-comprendre","status":"publish","type":"page","link":"https:\/\/ecociateurs.fr\/index.php\/mieux-comprendre\/","title":{"rendered":"Mieux comprendre"},"content":{"rendered":"\n<div class=\"wp-block-group alignwide has-pale-ocean-gradient-background has-background is-layout-constrained wp-block-group-is-layout-constrained\">\n<h2 class=\"wp-block-heading alignfull\">Penser les territoires en conscience<\/h2>\n\n\n\n<p class=\"has-text-align-center\">Le r\u00f4le central des \u00e9cociateurs<\/p>\n\n\n\n<p><strong><em>Secteurs concern\u00e9s :<\/em><\/strong> implantation d\u2019antennes-relais ; implantation d\u2019\u00e9oliennes, projets de fermes photovolta\u00efques, projets routiers, am\u00e9nagement du territoire, design territorial, urbanisme&#8230;<\/p>\n\n\n\n<p>Comment int\u00e9grer en douceur un projet au sein d\u2019un territoire en prenant soin \u00e0 la fois des habitants, des usagers, et de la nature qui forge souvent l\u2019identit\u00e9 du territoire ?<\/p>\n\n\n\n<p>Les \u00e9cociateurs sont essentiels \u00e0 la r\u00e9ussite d\u2019un projet d\u2019am\u00e9nagement ou d\u2019un design territorial \u00e9cocentr\u00e9 car ils agissent comme des m\u00e9diateurs sp\u00e9cialis\u00e9s capables de combler le foss\u00e9 entre deux mondes : celui des Humains et du non-humain. Pour nous, le non-humain int\u00e8gre l&#8217;histoire des lieux, leur g\u00e9olocalisation, les l\u00e9gendes, le vivant (min\u00e9ral, v\u00e9g\u00e9tal, animal), le patrimoine, les g\u00e9n\u00e9rations futures&#8230;<\/p>\n\n\n\n<ul class=\"wp-block-list\">\n<li><strong>Faciliter un dialogue complexe :<\/strong> Le dialogue humain-non-humain est particuli\u00e8rement complexe car il implique de d\u00e9passer les cadres de pens\u00e9e habituels et de prendre en compte la multiplicit\u00e9 des perceptions et des sensibilit\u00e9s du vivant. Les \u00e9cociateurs, en tant que \u201cm\u00e9diateurs du vivant\u201d, sont form\u00e9s pour appr\u00e9hender cette complexit\u00e9 et cr\u00e9er un espace de dialogue adapt\u00e9 : l\u2019\u00e9com\u00e9diation.<\/li>\n\n\n\n<li><strong>Cr\u00e9er un espace d\u2019\u00e9coute sensible :<\/strong> L\u2019\u00e9com\u00e9diation, orchestr\u00e9e par les \u00e9cociateurs, se distingue du dialogue territorial ou environnemental traditionnel par sa dimension d\u2019\u00e9coute profonde du vivant, de la dynamique et de la trajectoire du territoire. Il ne s\u2019agit pas de parler au nom de la nature, mais bien de se mettre \u00e0 son \u00e9coute et de l\u2019int\u00e9grer comme une source d\u2019information dynamique \u00e0 part enti\u00e8re dans la prise de d\u00e9cision.<\/li>\n\n\n\n<li><strong>Int\u00e9grer des donn\u00e9es vari\u00e9es :<\/strong> Les \u00e9cociateurs sont form\u00e9s pour recueillir, analyser et mettre en dialogue des informations provenant de sources diverses : donn\u00e9es scientifiques, observations sensibles, connaissances traditionnelles, etc. Cette capacit\u00e9 \u00e0 tisser des liens entre diff\u00e9rents types de savoir est essentielle pour appr\u00e9hender la complexit\u00e9 du vivant et prendre des d\u00e9cisions \u00e9clair\u00e9es.<\/li>\n\n\n\n<li><strong>Favoriser un changement de paradigme :<\/strong> En int\u00e9grant des informations sensibles et en pla\u00e7ant le dialogue avec le vivant au c\u0153ur du processus d\u00e9cisionnel, les \u00e9cociateurs contribuent \u00e0 un changement de paradigme dans la mani\u00e8re dont les humains se positionnent face au reste du vivant. Ils incarnent un nouveau profil d\u2019acteurs capables de faire le lien entre les mondes humain et non-humain, ouvrant ainsi la voie \u00e0 une relation plus \u00e9quilibr\u00e9e et respectueuse.<\/li>\n<\/ul>\n\n\n\n<p>En r\u00e9sum\u00e9, les \u00e9cociateurs sont des acteurs cl\u00e9s du dialogue humain-non-humain car ils poss\u00e8dent les comp\u00e9tences et la sensibilit\u00e9 n\u00e9cessaires pour cr\u00e9er un espace de dialogue authentique et favoriser une prise de d\u00e9cision int\u00e9grant la complexit\u00e9 et la richesse du vivant.<\/p>\n\n\n\n<p>Recourir aux \u00e9cociateurs positionne instantan\u00e9ment votre projet ou votre territoire dans un cadre fondamentalement soucieux de la Nature et du respect de ces cycles.<\/p>\n<\/div>\n\n\n\n<p>_ _ _ _ _ _<\/p>\n\n\n\n<blockquote class=\"wp-block-quote is-layout-flow wp-block-quote-is-layout-flow\">\n<p class=\"has-text-align-left\"><em>Parce que vivre ensemble n&#8217;est pas toujours facile, et que nos territoires \u00e9voluent sans cesse, savoir se mettre \u00e0 l&#8217;\u00e9coute les uns des autres et prendre des d\u00e9cisions ensemble devient une force !<\/em><\/p>\n<\/blockquote>\n\n\n\n<div class=\"wp-block-group is-vertical is-content-justification-center is-nowrap is-layout-flex wp-container-core-group-is-layout-2f0bb72e wp-block-group-is-layout-flex\">\n<div class=\"wp-block-buttons is-vertical is-nowrap is-layout-flex wp-container-core-buttons-is-layout-9a3c820f wp-block-buttons-is-layout-flex\">\n<div class=\"wp-block-button\"><a class=\"wp-block-button__link has-primary-color has-pale-ocean-gradient-background has-text-color has-background wp-element-button\" href=\"http:\/\/ecociateurs.fr\/index.php\/152-2\/\" style=\"border-radius:90px\">Besoin d&#8217;un conseil ?<\/a><\/div>\n<\/div>\n<\/div>\n\n\n\n<p><\/p>\n","protected":false},"excerpt":{"rendered":"<p>Penser les territoires en conscience Le r\u00f4le central des \u00e9cociateurs Secteurs concern\u00e9s : implantation d\u2019antennes-relais ; implantation d\u2019\u00e9oliennes, projets de fermes photovolta\u00efques, projets routiers, am\u00e9nagement du territoire, design territorial, urbanisme&#8230; Comment int\u00e9grer en douceur un projet au sein d\u2019un territoire en prenant soin \u00e0 la fois des habitants, des usagers, et de la nature qui [&hellip;]<\/p>\n","protected":false},"author":2,"featured_media":0,"parent":0,"menu_order":0,"comment_status":"closed","ping_status":"closed","template":"","meta":{"footnotes":""},"class_list":["post-471","page","type-page","status-publish","hentry"],"_links":{"self":[{"href":"https:\/\/ecociateurs.fr\/index.php\/wp-json\/wp\/v2\/pages\/471","targetHints":{"allow":["GET"]}}],"collection":[{"href":"https:\/\/ecociateurs.fr\/index.php\/wp-json\/wp\/v2\/pages"}],"about":[{"href":"https:\/\/ecociateurs.fr\/index.php\/wp-json\/wp\/v2\/types\/page"}],"author":[{"embeddable":true,"href":"https:\/\/ecociateurs.fr\/index.php\/wp-json\/wp\/v2\/users\/2"}],"replies":[{"embeddable":true,"href":"https:\/\/ecociateurs.fr\/index.php\/wp-json\/wp\/v2\/comments?post=471"}],"version-history":[{"count":4,"href":"https:\/\/ecociateurs.fr\/index.php\/wp-json\/wp\/v2\/pages\/471\/revisions"}],"predecessor-version":[{"id":540,"href":"https:\/\/ecociateurs.fr\/index.php\/wp-json\/wp\/v2\/pages\/471\/revisions\/540"}],"wp:attachment":[{"href":"https:\/\/ecociateurs.fr\/index.php\/wp-json\/wp\/v2\/media?parent=471"}],"curies":[{"name":"wp","href":"https:\/\/api.w.org\/{rel}","templated":true}]}}