{"id":287,"date":"2024-03-22T15:31:28","date_gmt":"2024-03-22T14:31:28","guid":{"rendered":"http:\/\/ecociateurs.fr\/?page_id=287"},"modified":"2024-03-22T15:31:28","modified_gmt":"2024-03-22T14:31:28","slug":"les-mesures-proposees-au-president-de-la-republique","status":"publish","type":"page","link":"https:\/\/ecociateurs.fr\/index.php\/les-mesures-proposees-au-president-de-la-republique\/","title":{"rendered":"Les mesures propos\u00e9es au Pr\u00e9sident de la R\u00e9publique"},"content":{"rendered":"\n<div class=\"wp-block-cover is-light\"><span aria-hidden=\"true\" class=\"wp-block-cover__background has-pale-cyan-blue-background-color has-background-dim-30 has-background-dim\"><\/span><div class=\"wp-block-cover__inner-container is-layout-flow wp-block-cover-is-layout-flow\">\n<div class=\"wp-block-cover\"><span aria-hidden=\"true\" class=\"wp-block-cover__background has-background-dim\"><\/span><div class=\"wp-block-cover__inner-container is-layout-flow wp-block-cover-is-layout-flow\">\n<div class=\"wp-block-group is-layout-constrained wp-block-group-is-layout-constrained\">\n<div class=\"wp-block-group is-nowrap is-layout-flex wp-container-core-group-is-layout-6c531013 wp-block-group-is-layout-flex\">\n<div class=\"wp-block-columns is-layout-flex wp-container-core-columns-is-layout-28f84493 wp-block-columns-is-layout-flex\">\n<div class=\"wp-block-column is-layout-flow wp-block-column-is-layout-flow\" style=\"flex-basis:100%\">\n<figure class=\"wp-block-gallery has-nested-images columns-1 is-cropped wp-block-gallery-1 is-layout-flex wp-block-gallery-is-layout-flex\">\n<figure class=\"wp-block-image size-large is-style-default\"><img loading=\"lazy\" decoding=\"async\" width=\"631\" height=\"899\" data-id=\"297\" src=\"http:\/\/ecociateurs.fr\/wp-content\/uploads\/2024\/03\/Capture-decran-26-1.png\" alt=\"\" class=\"wp-image-297\" srcset=\"https:\/\/ecociateurs.fr\/wp-content\/uploads\/2024\/03\/Capture-decran-26-1.png 631w, https:\/\/ecociateurs.fr\/wp-content\/uploads\/2024\/03\/Capture-decran-26-1-211x300.png 211w\" sizes=\"auto, (max-width: 631px) 100vw, 631px\" \/><\/figure>\n\n\n\n<figure class=\"wp-block-image size-large\"><img loading=\"lazy\" decoding=\"async\" width=\"600\" height=\"853\" data-id=\"298\" src=\"http:\/\/ecociateurs.fr\/wp-content\/uploads\/2024\/03\/Capture-decran-27-1.png\" alt=\"\" class=\"wp-image-298\" srcset=\"https:\/\/ecociateurs.fr\/wp-content\/uploads\/2024\/03\/Capture-decran-27-1.png 600w, https:\/\/ecociateurs.fr\/wp-content\/uploads\/2024\/03\/Capture-decran-27-1-211x300.png 211w\" sizes=\"auto, (max-width: 600px) 100vw, 600px\" \/><\/figure>\n\n\n\n<figure class=\"wp-block-image size-large\"><img loading=\"lazy\" decoding=\"async\" width=\"599\" height=\"851\" data-id=\"299\" src=\"http:\/\/ecociateurs.fr\/wp-content\/uploads\/2024\/03\/Capture-decran-28-1.png\" alt=\"\" class=\"wp-image-299\" srcset=\"https:\/\/ecociateurs.fr\/wp-content\/uploads\/2024\/03\/Capture-decran-28-1.png 599w, https:\/\/ecociateurs.fr\/wp-content\/uploads\/2024\/03\/Capture-decran-28-1-211x300.png 211w\" sizes=\"auto, (max-width: 599px) 100vw, 599px\" \/><\/figure>\n\n\n\n<figure class=\"wp-block-image size-large\"><img loading=\"lazy\" decoding=\"async\" width=\"598\" height=\"851\" data-id=\"301\" src=\"http:\/\/ecociateurs.fr\/wp-content\/uploads\/2024\/03\/Capture-decran-29-1.png\" alt=\"\" class=\"wp-image-301\" srcset=\"https:\/\/ecociateurs.fr\/wp-content\/uploads\/2024\/03\/Capture-decran-29-1.png 598w, https:\/\/ecociateurs.fr\/wp-content\/uploads\/2024\/03\/Capture-decran-29-1-211x300.png 211w\" sizes=\"auto, (max-width: 598px) 100vw, 598px\" \/><\/figure>\n\n\n\n<figure class=\"wp-block-image size-large\"><img loading=\"lazy\" decoding=\"async\" width=\"600\" height=\"847\" data-id=\"300\" src=\"http:\/\/ecociateurs.fr\/wp-content\/uploads\/2024\/03\/Capture-decran-30-1.png\" alt=\"\" class=\"wp-image-300\" srcset=\"https:\/\/ecociateurs.fr\/wp-content\/uploads\/2024\/03\/Capture-decran-30-1.png 600w, https:\/\/ecociateurs.fr\/wp-content\/uploads\/2024\/03\/Capture-decran-30-1-213x300.png 213w\" sizes=\"auto, (max-width: 600px) 100vw, 600px\" \/><\/figure>\n\n\n\n<figure class=\"wp-block-image size-large\"><img loading=\"lazy\" decoding=\"async\" width=\"581\" height=\"846\" data-id=\"302\" src=\"http:\/\/ecociateurs.fr\/wp-content\/uploads\/2024\/03\/Capture-decran-31-1.png\" alt=\"\" class=\"wp-image-302\" srcset=\"https:\/\/ecociateurs.fr\/wp-content\/uploads\/2024\/03\/Capture-decran-31-1.png 581w, https:\/\/ecociateurs.fr\/wp-content\/uploads\/2024\/03\/Capture-decran-31-1-206x300.png 206w\" sizes=\"auto, (max-width: 581px) 100vw, 581px\" \/><\/figure>\n\n\n\n<figure class=\"wp-block-image size-large\"><img loading=\"lazy\" decoding=\"async\" width=\"597\" height=\"797\" data-id=\"303\" src=\"http:\/\/ecociateurs.fr\/wp-content\/uploads\/2024\/03\/Capture-decran-32-1.png\" alt=\"\" class=\"wp-image-303\" srcset=\"https:\/\/ecociateurs.fr\/wp-content\/uploads\/2024\/03\/Capture-decran-32-1.png 597w, https:\/\/ecociateurs.fr\/wp-content\/uploads\/2024\/03\/Capture-decran-32-1-225x300.png 225w\" sizes=\"auto, (max-width: 597px) 100vw, 597px\" \/><\/figure>\n\n\n\n<figure class=\"wp-block-image size-large\"><img loading=\"lazy\" decoding=\"async\" width=\"589\" height=\"849\" data-id=\"304\" src=\"http:\/\/ecociateurs.fr\/wp-content\/uploads\/2024\/03\/Capture-decran-33.png\" alt=\"\" class=\"wp-image-304\" srcset=\"https:\/\/ecociateurs.fr\/wp-content\/uploads\/2024\/03\/Capture-decran-33.png 589w, https:\/\/ecociateurs.fr\/wp-content\/uploads\/2024\/03\/Capture-decran-33-208x300.png 208w\" sizes=\"auto, (max-width: 589px) 100vw, 589px\" \/><\/figure>\n\n\n\n<figure class=\"wp-block-image size-large\"><img loading=\"lazy\" decoding=\"async\" width=\"666\" height=\"942\" data-id=\"306\" src=\"http:\/\/ecociateurs.fr\/wp-content\/uploads\/2024\/03\/Capture-decran-34-1.png\" alt=\"\" class=\"wp-image-306\" srcset=\"https:\/\/ecociateurs.fr\/wp-content\/uploads\/2024\/03\/Capture-decran-34-1.png 666w, https:\/\/ecociateurs.fr\/wp-content\/uploads\/2024\/03\/Capture-decran-34-1-212x300.png 212w\" sizes=\"auto, (max-width: 666px) 100vw, 666px\" \/><\/figure>\n\n\n\n<figure class=\"wp-block-image size-large\"><img loading=\"lazy\" decoding=\"async\" width=\"666\" height=\"906\" data-id=\"305\" src=\"http:\/\/ecociateurs.fr\/wp-content\/uploads\/2024\/03\/Capture-decran-35-1.png\" alt=\"\" class=\"wp-image-305\" srcset=\"https:\/\/ecociateurs.fr\/wp-content\/uploads\/2024\/03\/Capture-decran-35-1.png 666w, https:\/\/ecociateurs.fr\/wp-content\/uploads\/2024\/03\/Capture-decran-35-1-221x300.png 221w\" sizes=\"auto, (max-width: 666px) 100vw, 666px\" \/><\/figure>\n\n\n\n<figure class=\"wp-block-image size-large\"><img loading=\"lazy\" decoding=\"async\" width=\"657\" height=\"943\" data-id=\"307\" src=\"http:\/\/ecociateurs.fr\/wp-content\/uploads\/2024\/03\/Capture-decran-36.png\" alt=\"\" class=\"wp-image-307\" srcset=\"https:\/\/ecociateurs.fr\/wp-content\/uploads\/2024\/03\/Capture-decran-36.png 657w, https:\/\/ecociateurs.fr\/wp-content\/uploads\/2024\/03\/Capture-decran-36-209x300.png 209w\" sizes=\"auto, (max-width: 657px) 100vw, 657px\" \/><\/figure>\n\n\n\n<figure class=\"wp-block-image size-large\"><img loading=\"lazy\" decoding=\"async\" width=\"678\" height=\"946\" data-id=\"308\" src=\"http:\/\/ecociateurs.fr\/wp-content\/uploads\/2024\/03\/Capture-decran-37.png\" alt=\"\" class=\"wp-image-308\" srcset=\"https:\/\/ecociateurs.fr\/wp-content\/uploads\/2024\/03\/Capture-decran-37.png 678w, https:\/\/ecociateurs.fr\/wp-content\/uploads\/2024\/03\/Capture-decran-37-215x300.png 215w\" sizes=\"auto, (max-width: 678px) 100vw, 678px\" \/><\/figure>\n\n\n\n<figure class=\"wp-block-image size-large\"><img loading=\"lazy\" decoding=\"async\" width=\"663\" height=\"956\" data-id=\"309\" src=\"http:\/\/ecociateurs.fr\/wp-content\/uploads\/2024\/03\/Capture-decran-38.png\" alt=\"\" class=\"wp-image-309\" srcset=\"https:\/\/ecociateurs.fr\/wp-content\/uploads\/2024\/03\/Capture-decran-38.png 663w, https:\/\/ecociateurs.fr\/wp-content\/uploads\/2024\/03\/Capture-decran-38-208x300.png 208w\" sizes=\"auto, (max-width: 663px) 100vw, 663px\" \/><\/figure>\n\n\n\n<figure class=\"wp-block-image size-large\"><img loading=\"lazy\" decoding=\"async\" width=\"667\" height=\"927\" data-id=\"311\" src=\"http:\/\/ecociateurs.fr\/wp-content\/uploads\/2024\/03\/Capture-decran-39.png\" alt=\"\" class=\"wp-image-311\" srcset=\"https:\/\/ecociateurs.fr\/wp-content\/uploads\/2024\/03\/Capture-decran-39.png 667w, https:\/\/ecociateurs.fr\/wp-content\/uploads\/2024\/03\/Capture-decran-39-216x300.png 216w\" sizes=\"auto, (max-width: 667px) 100vw, 667px\" \/><\/figure>\n\n\n\n<figure class=\"wp-block-image size-large\"><img loading=\"lazy\" decoding=\"async\" width=\"654\" height=\"943\" data-id=\"310\" src=\"http:\/\/ecociateurs.fr\/wp-content\/uploads\/2024\/03\/Capture-decran-40.png\" alt=\"\" class=\"wp-image-310\" srcset=\"https:\/\/ecociateurs.fr\/wp-content\/uploads\/2024\/03\/Capture-decran-40.png 654w, https:\/\/ecociateurs.fr\/wp-content\/uploads\/2024\/03\/Capture-decran-40-208x300.png 208w\" sizes=\"auto, (max-width: 654px) 100vw, 654px\" \/><\/figure>\n<\/figure>\n<\/div>\n<\/div>\n<\/div>\n<\/div>\n<\/div><\/div>\n<\/div><\/div>\n","protected":false},"excerpt":{"rendered":"","protected":false},"author":2,"featured_media":0,"parent":0,"menu_order":0,"comment_status":"closed","ping_status":"closed","template":"","meta":{"footnotes":""},"class_list":["post-287","page","type-page","status-publish","hentry"],"_links":{"self":[{"href":"https:\/\/ecociateurs.fr\/index.php\/wp-json\/wp\/v2\/pages\/287","targetHints":{"allow":["GET"]}}],"collection":[{"href":"https:\/\/ecociateurs.fr\/index.php\/wp-json\/wp\/v2\/pages"}],"about":[{"href":"https:\/\/ecociateurs.fr\/index.php\/wp-json\/wp\/v2\/types\/page"}],"author":[{"embeddable":true,"href":"https:\/\/ecociateurs.fr\/index.php\/wp-json\/wp\/v2\/users\/2"}],"replies":[{"embeddable":true,"href":"https:\/\/ecociateurs.fr\/index.php\/wp-json\/wp\/v2\/comments?post=287"}],"version-history":[{"count":1,"href":"https:\/\/ecociateurs.fr\/index.php\/wp-json\/wp\/v2\/pages\/287\/revisions"}],"predecessor-version":[{"id":312,"href":"https:\/\/ecociateurs.fr\/index.php\/wp-json\/wp\/v2\/pages\/287\/revisions\/312"}],"wp:attachment":[{"href":"https:\/\/ecociateurs.fr\/index.php\/wp-json\/wp\/v2\/media?parent=287"}],"curies":[{"name":"wp","href":"https:\/\/api.w.org\/{rel}","templated":true}]}}