{"id":180,"date":"2022-11-07T16:02:59","date_gmt":"2022-11-07T15:02:59","guid":{"rendered":"http:\/\/ecociateurs.fr\/?page_id=180"},"modified":"2024-10-08T11:21:32","modified_gmt":"2024-10-08T09:21:32","slug":"nindi-nouvelles-instances-de-dialogue","status":"publish","type":"page","link":"https:\/\/ecociateurs.fr\/index.php\/nindi-nouvelles-instances-de-dialogue\/","title":{"rendered":"NID &#8211; Nouvelles Instances de Dialogue"},"content":{"rendered":"\n<p>Les Nouvelles Instances de Dialogue (NID) peuvent favoriser un changement de paradigme dans les relations entre les humains et le vivant en \u00e9tablissant un nouveau cadre de dialogue et de m\u00e9diation.<\/p>\n\n\n\n<ul class=\"wp-block-list\">\n<li><strong>Acceptation d&#8217;un nouveau dialogue:<\/strong> La cr\u00e9ation de NID implique d&#8217;abord que nous acceptions de dialoguer avec le vivant, ce qui exige de sortir des cadres \u00e9conomiques et administratifs habituels et de s&#8217;ouvrir \u00e0 des cycles de dialogue &#8220;hors du temps&#8221;, \u00e9volutifs et it\u00e9ratifs.<\/li>\n\n\n\n<li><strong>R\u00f4le des \u00e9cociateurs:<\/strong> Les NID s&#8217;appuient sur des \u00e9cociateurs, m\u00e9diateurs du vivant, qui cr\u00e9ent un espace s\u00e9curis\u00e9 o\u00f9 l&#8217;\u00e9coute du vivant dans toute sa complexit\u00e9 est primordiale.<\/li>\n\n\n\n<li><strong>Ouverture \u00e0 de nouvelles informations:<\/strong> Ce processus implique de prendre en compte des donn\u00e9es et informations \u00e0 la fois scientifiques et sensibles, ce qui provoque un changement de paradigme en ouvrant le dialogue entre l&#8217;humain et le non-humain.<\/li>\n\n\n\n<li><strong>Changement de paradigme:<\/strong> Ce changement de paradigme est favoris\u00e9 par la capacit\u00e9 des \u00e9cociateurs \u00e0 faire le lien entre les mondes humain et non-humain en mettant en dialogue diff\u00e9rents niveaux d&#8217;informations, de sensibilit\u00e9s et de perceptions du vivant.<\/li>\n<\/ul>\n\n\n\n<p>En r\u00e9sum\u00e9, les NID, gr\u00e2ce \u00e0 leur structure et \u00e0 l&#8217;intervention d&#8217;\u00e9cociateurs, permettent de d\u00e9passer les limitations des dialogues traditionnels et d&#8217;int\u00e9grer la complexit\u00e9 du vivant dans la prise de d\u00e9cision, changeant ainsi la nature m\u00eame des relations entre les humains et le reste du vivant.<\/p>\n\n\n\n<h2 class=\"wp-block-heading\">Mieux comprendre les NIDs<\/h2>\n\n\n\n<p>Exit les salles de r\u00e9unions stressantes ! Les NIDs r\u00e9pondent au besoin de cr\u00e9er des espaces de dialogue qui nous ressemblent et qui nous permettent de nous sentir en confiance&#8230; Elles sont faites sur-mesure pour chaque probl\u00e9matique \u00e0 g\u00e9rer. Elles visent une mise en dialogue honn\u00eate et sinc\u00e8re, m\u00eame s&#8217;il s&#8217;agit de politique, de budget ou de cahiers des charges complexes&#8230; nous avons tous des difficult\u00e9s \u00e0 faire concorder nos int\u00e9r\u00eats, mais nous avons aussi tous int\u00e9r\u00eat \u00e0 mieux prendre soin de notre environnement&#8230;<\/p>\n\n\n\n<p>Nos NIDs sont parfois d\u00e9montables, parfois durables. Elles s&#8217;installent en pleine nature, dans des champs, pr\u00e8s de vos exploitations, de vos installations en conflit, en zone urbaine, rurale et peuvent m\u00eame trouver refuge dans un lieu de retraite en nature, tout est possible. L&#8217;objectif particulier de ces nouvelles instances de dialogue est de nous permettre de nous rapprocher au plus pr\u00e8s de nos vuln\u00e9rabilit\u00e9s pour mettre en place un dialogue d&#8217;un nouveau genre o\u00f9 nous sommes regroup\u00e9s pour poser nos enjeux sur la table, et mettre toute notre intelligence collective en action pour tenter d&#8217;y r\u00e9pondre. Le l\u00e2cher-prise et la pleine confiance seront n\u00e9cessaires pour le succ\u00e8s du projet. L&#8217;approche du dialogue \u00e0 travers les NIDs vise \u00e0 transformer nos ennemis en opportunit\u00e9 pour faire diff\u00e9remment, nos contraintes en enjeux&#8230; <\/p>\n\n\n\n<p>Nous, les \u00e9cociateurs, avons pour mission de vous aider \u00e0 changer votre regard, votre posture pour appr\u00e9hender vos probl\u00e9matiques ou vos ambitions d&#8217;une mani\u00e8re diff\u00e9rente&#8230; Nous avons besoin d&#8217;un cadre adapt\u00e9 \u00e0 cette recherche de r\u00e9sultat. Nous sommes form\u00e9s \u00e0 diff\u00e9rents types de mise en dialogue et pour permettre d&#8217;y acc\u00e9der, cr\u00e9er et animer des NIDs est d&#8217;une aide pr\u00e9cieuse.<\/p>\n\n\n\n<div class=\"wp-block-columns is-layout-flex wp-container-core-columns-is-layout-28f84493 wp-block-columns-is-layout-flex\">\n<div class=\"wp-block-column is-layout-flow wp-block-column-is-layout-flow\" style=\"flex-basis:100%\">\n<div class=\"wp-block-group is-layout-constrained wp-block-group-is-layout-constrained\">\n<div class=\"wp-block-columns are-vertically-aligned-center is-layout-flex wp-container-core-columns-is-layout-28f84493 wp-block-columns-is-layout-flex\">\n<div class=\"wp-block-column is-vertically-aligned-center is-layout-flow wp-block-column-is-layout-flow\" style=\"flex-basis:100%\">\n<div class=\"wp-block-group is-vertical is-content-justification-center is-layout-flex wp-container-core-group-is-layout-ce155fab wp-block-group-is-layout-flex\">\n<div class=\"wp-block-buttons is-content-justification-center is-layout-flex wp-container-core-buttons-is-layout-a89b3969 wp-block-buttons-is-layout-flex\">\n<div class=\"wp-block-button\"><a class=\"wp-block-button__link has-primary-color has-pale-ocean-gradient-background has-text-color has-background wp-element-button\" style=\"border-radius:100px\">Consulter le catalogue<\/a><\/div>\n\n\n\n<div class=\"wp-block-button\"><a class=\"wp-block-button__link has-primary-color has-pale-ocean-gradient-background has-text-color has-background wp-element-button\" href=\"http:\/\/ecociateurs.fr\/index.php\/152-2\/\" style=\"border-radius:99px\">Besoin de conseils ?<\/a><\/div>\n<\/div>\n<\/div>\n<\/div>\n<\/div>\n<\/div>\n<\/div>\n<\/div>\n\n\n\n<div class=\"wp-block-group alignfull has-primary-color has-pale-ocean-gradient-background has-text-color has-background is-layout-flow wp-block-group-is-layout-flow\">\n<div class=\"wp-block-columns alignwide is-layout-flex wp-container-core-columns-is-layout-28f84493 wp-block-columns-is-layout-flex\">\n<div class=\"wp-block-column is-layout-flow wp-block-column-is-layout-flow\">\n<h6 class=\"wp-block-heading has-text-color\" id=\"ecosystem\" style=\"color:#000000\">Entreprises &#8211; Territoire &#8211; associations<\/h6>\n\n\n\n<p class=\"has-text-color\" style=\"color:#000000;font-size:5vw;line-height:1.1\">Exp\u00e9rimenter une NID<\/p>\n\n\n\n<div style=\"height:5px\" aria-hidden=\"true\" class=\"wp-block-spacer\"><\/div>\n<\/div>\n<\/div>\n\n\n\n<div class=\"wp-block-columns alignwide is-layout-flex wp-container-core-columns-is-layout-28f84493 wp-block-columns-is-layout-flex\">\n<div class=\"wp-block-column is-layout-flow wp-block-column-is-layout-flow\" style=\"flex-basis:33.38%\">\n<p>Nous pensons que pour cr\u00e9er une dynamique de <strong>d\u00e9mocratie \u00e9cologique<\/strong> reconnue au niveau des territoires, identifier des espaces de dialogues d&#8217;un nouveau genre (NID) est une cl\u00e9 \u00e0 la fois visuelle et identifiable pour rendre la d\u00e9marche cr\u00e9dible et structurante.<\/p>\n\n\n\n<p>La pratique du dialogue au sein d&#8217;une NID est juridiquement structur\u00e9e. Les \u00e9changes, aussi bien relatifs aux projets de territoire qu&#8217;aux r\u00e9solutions de conflits, donnent lieu \u00e0 des solutions co-construites entre les personnes.  <\/p>\n\n\n\n<p>Les accords g\u00e9n\u00e9r\u00e9s au sein des NIDs ne r\u00e9pondent \u00e0 aucun autre agenda que celui souhait\u00e9 et d\u00e9fini par les personnes pr\u00e9sentes (ou repr\u00e9sent\u00e9es)&#8230;<\/p>\n<\/div>\n\n\n\n<div class=\"wp-block-column is-layout-flow wp-block-column-is-layout-flow\" style=\"flex-basis:33%\">\n<div style=\"height:100px\" aria-hidden=\"true\" class=\"wp-block-spacer\"><\/div>\n\n\n\n<figure class=\"wp-block-image size-large\"><img decoding=\"async\" src=\"https:\/\/s.w.org\/images\/core\/5.8\/outside-01.jpg\" alt=\"The sun setting through a dense forest.\"\/><\/figure>\n<\/div>\n\n\n\n<div class=\"wp-block-column is-layout-flow wp-block-column-is-layout-flow\" style=\"flex-basis:33.62%\">\n<figure class=\"wp-block-image size-large\"><img decoding=\"async\" src=\"https:\/\/s.w.org\/images\/core\/5.8\/outside-02.jpg\" alt=\"Wind turbines standing on a grassy plain, against a blue sky.\"\/><\/figure>\n<\/div>\n<\/div>\n\n\n\n<div class=\"wp-block-columns alignwide is-layout-flex wp-container-core-columns-is-layout-28f84493 wp-block-columns-is-layout-flex\">\n<div class=\"wp-block-column is-layout-flow wp-block-column-is-layout-flow\" style=\"flex-basis:67%\">\n<figure class=\"wp-block-image alignright size-large\"><img decoding=\"async\" src=\"https:\/\/s.w.org\/images\/core\/5.8\/outside-03.jpg\" alt=\"The sun shining over a ridge leading down into the shore. In the distance, a car drives down a road.\"\/><\/figure>\n<\/div>\n\n\n\n<div class=\"wp-block-column is-vertically-aligned-center is-layout-flow wp-block-column-is-layout-flow\" style=\"flex-basis:33%\">\n<p class=\"has-primary-color has-text-color has-extra-small-font-size\">On ne se rencontre pas pour rien : Les accords g\u00e9n\u00e9r\u00e9s lors d&#8217;une NID sont juridiquement encadr\u00e9s. Comme pour n&#8217;importe quelle <strong>m\u00e9diation conventionnelle<\/strong>, la valeur juridique des accords est reconnue, et si les parties le souhaitent, l&#8217;accord peut \u00eatre rendu ex\u00e9cutoire.<\/p>\n<\/div>\n<\/div>\n\n\n\n<p>Un projet d&#8217;\u00e9nergie renouvelable? Une probl\u00e9matique de voisinage agricole ? Envie d&#8217;int\u00e9grer votre entreprise ou votre organisation dans un cadre ou une d\u00e9marche plus \u00e9cologique ? En conflit avec des riverains ? Envie d&#8217;implanter un b\u00e2timent sur une zone verte ou bleue ? Vous voulez prot\u00e9ger une zone convoit\u00e9e ?  Vous voulez simplement entrer en contact profond et sinc\u00e8re avec la Nature ou tenter une exp\u00e9rience in\u00e9dite&#8230;<\/p>\n\n\n\n<div class=\"wp-block-buttons is-content-justification-center is-layout-flex wp-container-core-buttons-is-layout-a89b3969 wp-block-buttons-is-layout-flex\">\n<div class=\"wp-block-button is-style-outline is-style-outline--1\"><a class=\"wp-block-button__link wp-element-button\" style=\"border-radius:97px\">Exp\u00e9rimentez une NID !<\/a><\/div>\n<\/div>\n<\/div>\n","protected":false},"excerpt":{"rendered":"<p>Les Nouvelles Instances de Dialogue (NID) peuvent favoriser un changement de paradigme dans les relations entre les humains et le vivant en \u00e9tablissant un nouveau cadre de dialogue et de m\u00e9diation. En r\u00e9sum\u00e9, les NID, gr\u00e2ce \u00e0 leur structure et \u00e0 l&#8217;intervention d&#8217;\u00e9cociateurs, permettent de d\u00e9passer les limitations des dialogues traditionnels et d&#8217;int\u00e9grer la complexit\u00e9 [&hellip;]<\/p>\n","protected":false},"author":1,"featured_media":0,"parent":0,"menu_order":0,"comment_status":"closed","ping_status":"closed","template":"","meta":{"footnotes":""},"class_list":["post-180","page","type-page","status-publish","hentry"],"_links":{"self":[{"href":"https:\/\/ecociateurs.fr\/index.php\/wp-json\/wp\/v2\/pages\/180","targetHints":{"allow":["GET"]}}],"collection":[{"href":"https:\/\/ecociateurs.fr\/index.php\/wp-json\/wp\/v2\/pages"}],"about":[{"href":"https:\/\/ecociateurs.fr\/index.php\/wp-json\/wp\/v2\/types\/page"}],"author":[{"embeddable":true,"href":"https:\/\/ecociateurs.fr\/index.php\/wp-json\/wp\/v2\/users\/1"}],"replies":[{"embeddable":true,"href":"https:\/\/ecociateurs.fr\/index.php\/wp-json\/wp\/v2\/comments?post=180"}],"version-history":[{"count":10,"href":"https:\/\/ecociateurs.fr\/index.php\/wp-json\/wp\/v2\/pages\/180\/revisions"}],"predecessor-version":[{"id":352,"href":"https:\/\/ecociateurs.fr\/index.php\/wp-json\/wp\/v2\/pages\/180\/revisions\/352"}],"wp:attachment":[{"href":"https:\/\/ecociateurs.fr\/index.php\/wp-json\/wp\/v2\/media?parent=180"}],"curies":[{"name":"wp","href":"https:\/\/api.w.org\/{rel}","templated":true}]}}